{"id":3735,"date":"2024-09-18T20:19:32","date_gmt":"2024-09-19T01:19:32","guid":{"rendered":"https:\/\/glomerados.com\/?post_type=product&#038;p=3735"},"modified":"2024-09-23T11:30:21","modified_gmt":"2024-09-23T16:30:21","slug":"piso-laminado-spc","status":"publish","type":"product","link":"https:\/\/showroom.arquitek.pe\/index.php\/product\/piso-laminado-spc\/","title":{"rendered":"Piso Laminado SPC &#8211; Caja 9 de unidades"},"content":{"rendered":"<table style=\"height: 360px;\" border=\"0\" width=\"515\" cellspacing=\"0\">\n<colgroup width=\"153\"><\/colgroup>\n<colgroup width=\"233\"><\/colgroup>\n<tbody>\n<tr>\n<td align=\"left\" valign=\"bottom\" height=\"17\" data-sheets-value=\"{ &quot;1&quot;: 2, &quot;2&quot;: &quot;Producto:&quot;}\"><b>Producto:<\/b><\/td>\n<td align=\"left\" valign=\"bottom\" data-sheets-value=\"{ &quot;1&quot;: 2, &quot;2&quot;: &quot;Piso Laminado SPC - Roble&quot;}\">Piso Laminado SPC &#8211; Roble<\/td>\n<\/tr>\n<tr>\n<td align=\"left\" valign=\"bottom\" height=\"17\" data-sheets-value=\"{ &quot;1&quot;: 2, &quot;2&quot;: &quot;Dimensiones:&quot;}\"><b>Dimensiones:<\/b><\/td>\n<td align=\"left\" valign=\"bottom\" data-sheets-value=\"{ &quot;1&quot;: 2, &quot;2&quot;: &quot;\u00a0&quot;}\"><\/td>\n<\/tr>\n<tr>\n<td align=\"left\" valign=\"bottom\" height=\"17\" data-sheets-value=\"{ &quot;1&quot;: 2, &quot;2&quot;: &quot;Largo (m):&quot;}\"><b>Largo (m):<\/b><\/td>\n<td align=\"center\" valign=\"bottom\">1.22<\/td>\n<\/tr>\n<tr>\n<td align=\"left\" valign=\"bottom\" height=\"17\" data-sheets-value=\"{ &quot;1&quot;: 2, &quot;2&quot;: &quot;Ancho (cm):&quot;}\"><b>Ancho (cm):<\/b><\/td>\n<td align=\"center\" valign=\"bottom\">18.4<\/td>\n<\/tr>\n<tr>\n<td align=\"left\" valign=\"bottom\" height=\"17\" data-sheets-value=\"{ &quot;1&quot;: 2, &quot;2&quot;: &quot;Espesor (mm):&quot;}\"><b>Espesor (mm):<\/b><\/td>\n<td align=\"center\" valign=\"bottom\" data-sheets-value=\"{ &quot;1&quot;: 2, &quot;2&quot;: &quot;5&quot;}\">5<\/td>\n<\/tr>\n<tr>\n<td align=\"left\" valign=\"bottom\" height=\"17\" data-sheets-value=\"{ &quot;1&quot;: 2, &quot;2&quot;: &quot;\u00c1reas:&quot;}\"><b>\u00c1reas:<\/b><\/td>\n<td align=\"left\" valign=\"bottom\" data-sheets-value=\"{ &quot;1&quot;: 2, &quot;2&quot;: &quot;\u00a0&quot;}\"><\/td>\n<\/tr>\n<tr>\n<td align=\"left\" valign=\"bottom\" height=\"17\" data-sheets-value=\"{ &quot;1&quot;: 2, &quot;2&quot;: &quot;\u00c1rea por unidad (m\u00b2):&quot;}\"><b>\u00c1rea por unidad (m\u00b2):<\/b><\/td>\n<td align=\"center\" valign=\"bottom\">0.22<\/td>\n<\/tr>\n<tr>\n<td align=\"left\" valign=\"bottom\" height=\"17\" data-sheets-value=\"{ &quot;1&quot;: 2, &quot;2&quot;: &quot;\u00c1rea por caja (m\u00b2):&quot;}\"><b>\u00c1rea por caja (m\u00b2):<\/b><\/td>\n<td align=\"center\" valign=\"bottom\">2.02<\/td>\n<\/tr>\n<tr>\n<td align=\"left\" valign=\"bottom\" height=\"17\" data-sheets-value=\"{ &quot;1&quot;: 2, &quot;2&quot;: &quot;Composici\u00f3n:&quot;}\"><b>Composici\u00f3n:<\/b><\/td>\n<td align=\"left\" valign=\"bottom\" data-sheets-value=\"{ &quot;1&quot;: 2, &quot;2&quot;: &quot;&quot;}\"><\/td>\n<\/tr>\n<tr>\n<td align=\"left\" valign=\"bottom\" height=\"17\" data-sheets-value=\"{ &quot;1&quot;: 2, &quot;2&quot;: &quot;&quot;}\"><\/td>\n<td align=\"left\" valign=\"bottom\" data-sheets-value=\"{ &quot;1&quot;: 2, &quot;2&quot;: &quot;Capa UV Capa anti-desgaste: 5 capas&quot;}\">Capa UV Capa anti-desgaste: 5 capas<\/td>\n<\/tr>\n<tr>\n<td align=\"left\" valign=\"bottom\" height=\"17\" data-sheets-value=\"{ &quot;1&quot;: 2, &quot;2&quot;: &quot;&quot;}\"><\/td>\n<td align=\"left\" valign=\"bottom\" data-sheets-value=\"{ &quot;1&quot;: 2, &quot;2&quot;: &quot;Capa de color Capa de SPC&quot;}\">Capa de color Capa de SPC<\/td>\n<\/tr>\n<tr>\n<td align=\"left\" valign=\"bottom\" height=\"17\" data-sheets-value=\"{ &quot;1&quot;: 2, &quot;2&quot;: &quot;&quot;}\"><\/td>\n<td align=\"left\" valign=\"bottom\" data-sheets-value=\"{ &quot;1&quot;: 2, &quot;2&quot;: &quot;Tope antideslizante&quot;}\">Tope antideslizante<\/td>\n<\/tr>\n<\/tbody>\n<\/table>\n","protected":false},"excerpt":{"rendered":"<table border=\"0\" cellspacing=\"0\">\n<colgroup width=\"113\"><\/colgroup>\n<colgroup width=\"267\"><\/colgroup>\n<tbody>\n<tr>\n<td align=\"left\" valign=\"bottom\" height=\"17\" data-sheets-value=\"{ &quot;1&quot;: 2, &quot;2&quot;: &quot;Instalaci\u00f3n:&quot;}\"><b>Instalaci\u00f3n:<\/b><\/td>\n<td align=\"left\" valign=\"bottom\" data-sheets-value=\"{ &quot;1&quot;: 2, &quot;2&quot;: &quot;&quot;}\"><\/td>\n<\/tr>\n<tr>\n<td align=\"left\" valign=\"bottom\" height=\"17\" data-sheets-value=\"{ &quot;1&quot;: 2, &quot;2&quot;: &quot;&quot;}\"><\/td>\n<td align=\"left\" valign=\"bottom\" data-sheets-value=\"{ &quot;1&quot;: 2, &quot;2&quot;: &quot;Facil de instalar (sistem click).&quot;}\">Facil de instalar (sistem click).<\/td>\n<\/tr>\n<tr>\n<td align=\"left\" valign=\"bottom\" height=\"17\" data-sheets-value=\"{ &quot;1&quot;: 2, &quot;2&quot;: &quot;&quot;}\"><\/td>\n<td align=\"left\" valign=\"bottom\" data-sheets-value=\"{ &quot;1&quot;: 2, &quot;2&quot;: &quot;Se corta con cutter.&quot;}\">Se corta con cutter.<\/td>\n<\/tr>\n<tr>\n<td align=\"left\" valign=\"bottom\" height=\"17\" data-sheets-value=\"{ &quot;1&quot;: 2, &quot;2&quot;: &quot;&quot;}\"><\/td>\n<td align=\"left\" valign=\"bottom\" data-sheets-value=\"{ &quot;1&quot;: 2, &quot;2&quot;: &quot;No necesita adhesivo.&quot;}\">No necesita adhesivo.<\/td>\n<\/tr>\n<tr>\n<td align=\"left\" valign=\"bottom\" height=\"17\" data-sheets-value=\"{ &quot;1&quot;: 2, &quot;2&quot;: &quot;Uso:&quot;}\"><b>Uso:<\/b><\/td>\n<td align=\"left\" valign=\"bottom\" data-sheets-value=\"{ &quot;1&quot;: 2, &quot;2&quot;: &quot;&quot;}\"><\/td>\n<\/tr>\n<tr>\n<td align=\"left\" valign=\"bottom\" height=\"17\" data-sheets-value=\"{ &quot;1&quot;: 2, &quot;2&quot;: &quot;&quot;}\"><\/td>\n<td align=\"left\" valign=\"bottom\" data-sheets-value=\"{ &quot;1&quot;: 2, &quot;2&quot;: &quot;Para interiores&quot;}\">Para interiores<\/td>\n<\/tr>\n<tr>\n<td align=\"left\" valign=\"bottom\" height=\"17\" data-sheets-value=\"{ &quot;1&quot;: 2, &quot;2&quot;: &quot;Beneficios:&quot;}\"><b>Beneficios:<\/b><\/td>\n<td align=\"left\" valign=\"bottom\" data-sheets-value=\"{ &quot;1&quot;: 2, &quot;2&quot;: &quot;&quot;}\"><\/td>\n<\/tr>\n<tr>\n<td align=\"left\" valign=\"bottom\" height=\"17\" data-sheets-value=\"{ &quot;1&quot;: 2, &quot;2&quot;: &quot;&quot;}\"><\/td>\n<td align=\"left\" valign=\"bottom\" data-sheets-value=\"{ &quot;1&quot;: 2, &quot;2&quot;: &quot;Resistente al fuego&quot;}\">Resistente al fuego<\/td>\n<\/tr>\n<tr>\n<td align=\"left\" valign=\"bottom\" height=\"17\" data-sheets-value=\"{ &quot;1&quot;: 2, &quot;2&quot;: &quot;&quot;}\"><\/td>\n<td align=\"left\" valign=\"bottom\" data-sheets-value=\"{ &quot;1&quot;: 2, &quot;2&quot;: &quot;Resistente a insectos&quot;}\">Resistente a insectos<\/td>\n<\/tr>\n<tr>\n<td align=\"left\" valign=\"bottom\" height=\"17\" data-sheets-value=\"{ &quot;1&quot;: 2, &quot;2&quot;: &quot;&quot;}\"><\/td>\n<td align=\"left\" valign=\"bottom\" data-sheets-value=\"{ &quot;1&quot;: 2, &quot;2&quot;: &quot;Instalaci\u00f3n r\u00e1pida&quot;}\">Instalaci\u00f3n r\u00e1pida<\/td>\n<\/tr>\n<tr>\n<td align=\"left\" valign=\"bottom\" height=\"17\" data-sheets-value=\"{ &quot;1&quot;: 2, &quot;2&quot;: &quot;&quot;}\"><\/td>\n<td align=\"left\" valign=\"bottom\" data-sheets-value=\"{ &quot;1&quot;: 2, &quot;2&quot;: &quot;100% Resistente al agua&quot;}\">100% Resistente al agua<\/td>\n<\/tr>\n<tr>\n<td align=\"left\" valign=\"bottom\" height=\"17\" data-sheets-value=\"{ &quot;1&quot;: 2, &quot;2&quot;: &quot;&quot;}\"><\/td>\n<td align=\"left\" valign=\"bottom\" data-sheets-value=\"{ &quot;1&quot;: 2, &quot;2&quot;: &quot;F\u00e1cil limpieza&quot;}\">F\u00e1cil limpieza<\/td>\n<\/tr>\n<\/tbody>\n<\/table>\n","protected":false},"featured_media":4043,"template":"","meta":[],"product_brand":[],"product_cat":[36],"product_tag":[],"class_list":{"0":"post-3735","1":"product","2":"type-product","3":"status-publish","4":"has-post-thumbnail","6":"product_cat-piso-laminado","8":"first","9":"instock","10":"sold-individually","11":"taxable","12":"shipping-taxable","13":"purchasable","14":"product-type-variable"},"yoast_head":"<!-- This site is optimized with the Yoast SEO plugin v24.1 - https:\/\/yoast.com\/wordpress\/plugins\/seo\/ -->\n<title>Piso Laminado SPC - Caja 9 de unidades - Arquitek Showroom<\/title>\n<meta name=\"robots\" content=\"index, follow, max-snippet:-1, max-image-preview:large, max-video-preview:-1\" \/>\n<link rel=\"canonical\" href=\"https:\/\/showroom.arquitek.pe\/index.php\/product\/piso-laminado-spc\/\" \/>\n<meta property=\"og:locale\" content=\"es_ES\" \/>\n<meta property=\"og:type\" content=\"article\" \/>\n<meta property=\"og:title\" content=\"Piso Laminado SPC - Caja 9 de unidades - Arquitek Showroom\" \/>\n<meta property=\"og:description\" content=\"Instalaci\u00f3n:     Facil de instalar (sistem click).    Se corta con cutter.    No necesita adhesivo.   Uso:     Para interiores   Beneficios:     Resistente al fuego    Resistente a insectos    Instalaci\u00f3n r\u00e1pida    100% Resistente al agua    F\u00e1cil limpieza\" \/>\n<meta property=\"og:url\" content=\"https:\/\/showroom.arquitek.pe\/index.php\/product\/piso-laminado-spc\/\" \/>\n<meta property=\"og:site_name\" content=\"Arquitek Showroom\" \/>\n<meta property=\"article:publisher\" content=\"https:\/\/www.facebook.com\/people\/Glomerados\/100083562829717\/\" \/>\n<meta property=\"article:modified_time\" content=\"2024-09-23T16:30:21+00:00\" \/>\n<meta property=\"og:image\" content=\"https:\/\/showroom.arquitek.pe\/wp\/wp-content\/uploads\/2024\/09\/Piso-Laminado-SPC-Acacia-Silvestre.png\" \/>\n\t<meta property=\"og:image:width\" content=\"377\" \/>\n\t<meta property=\"og:image:height\" content=\"200\" \/>\n\t<meta property=\"og:image:type\" content=\"image\/png\" \/>\n<meta name=\"twitter:card\" content=\"summary_large_image\" \/>\n<meta name=\"twitter:site\" content=\"@glomerados\" \/>\n<meta name=\"twitter:label1\" content=\"Est. reading time\" \/>\n\t<meta name=\"twitter:data1\" content=\"1 minuto\" \/>\n<script type=\"application\/ld+json\" class=\"yoast-schema-graph\">{\"@context\":\"https:\/\/schema.org\",\"@graph\":[{\"@type\":\"WebPage\",\"@id\":\"https:\/\/showroom.arquitek.pe\/index.php\/product\/piso-laminado-spc\/\",\"url\":\"https:\/\/showroom.arquitek.pe\/index.php\/product\/piso-laminado-spc\/\",\"name\":\"Piso Laminado SPC - Caja 9 de unidades - Arquitek Showroom\",\"isPartOf\":{\"@id\":\"https:\/\/showroom.arquitek.pe\/#website\"},\"primaryImageOfPage\":{\"@id\":\"https:\/\/showroom.arquitek.pe\/index.php\/product\/piso-laminado-spc\/#primaryimage\"},\"image\":{\"@id\":\"https:\/\/showroom.arquitek.pe\/index.php\/product\/piso-laminado-spc\/#primaryimage\"},\"thumbnailUrl\":\"https:\/\/showroom.arquitek.pe\/wp\/wp-content\/uploads\/2024\/09\/Piso-Laminado-SPC-Acacia-Silvestre.png\",\"datePublished\":\"2024-09-19T01:19:32+00:00\",\"dateModified\":\"2024-09-23T16:30:21+00:00\",\"breadcrumb\":{\"@id\":\"https:\/\/showroom.arquitek.pe\/index.php\/product\/piso-laminado-spc\/#breadcrumb\"},\"inLanguage\":\"es-PE\",\"potentialAction\":[{\"@type\":\"ReadAction\",\"target\":[\"https:\/\/showroom.arquitek.pe\/index.php\/product\/piso-laminado-spc\/\"]}]},{\"@type\":\"ImageObject\",\"inLanguage\":\"es-PE\",\"@id\":\"https:\/\/showroom.arquitek.pe\/index.php\/product\/piso-laminado-spc\/#primaryimage\",\"url\":\"https:\/\/showroom.arquitek.pe\/wp\/wp-content\/uploads\/2024\/09\/Piso-Laminado-SPC-Acacia-Silvestre.png\",\"contentUrl\":\"https:\/\/showroom.arquitek.pe\/wp\/wp-content\/uploads\/2024\/09\/Piso-Laminado-SPC-Acacia-Silvestre.png\",\"width\":377,\"height\":200},{\"@type\":\"BreadcrumbList\",\"@id\":\"https:\/\/showroom.arquitek.pe\/index.php\/product\/piso-laminado-spc\/#breadcrumb\",\"itemListElement\":[{\"@type\":\"ListItem\",\"position\":1,\"name\":\"Portada\",\"item\":\"https:\/\/showroom.arquitek.pe\/\"},{\"@type\":\"ListItem\",\"position\":2,\"name\":\"Tienda Arquitek\",\"item\":\"https:\/\/showroom.arquitek.pe\/index.php\/tienda-arquitek\/\"},{\"@type\":\"ListItem\",\"position\":3,\"name\":\"Piso Laminado SPC &#8211; Caja 9 de unidades\"}]},{\"@type\":\"WebSite\",\"@id\":\"https:\/\/showroom.arquitek.pe\/#website\",\"url\":\"https:\/\/showroom.arquitek.pe\/\",\"name\":\"Arquitek Showroom\",\"description\":\"\",\"publisher\":{\"@id\":\"https:\/\/showroom.arquitek.pe\/#organization\"},\"potentialAction\":[{\"@type\":\"SearchAction\",\"target\":{\"@type\":\"EntryPoint\",\"urlTemplate\":\"https:\/\/showroom.arquitek.pe\/?s={search_term_string}\"},\"query-input\":{\"@type\":\"PropertyValueSpecification\",\"valueRequired\":true,\"valueName\":\"search_term_string\"}}],\"inLanguage\":\"es-PE\"},{\"@type\":\"Organization\",\"@id\":\"https:\/\/showroom.arquitek.pe\/#organization\",\"name\":\"Arquitek Showroom\",\"url\":\"https:\/\/showroom.arquitek.pe\/\",\"logo\":{\"@type\":\"ImageObject\",\"inLanguage\":\"es-PE\",\"@id\":\"https:\/\/showroom.arquitek.pe\/#\/schema\/logo\/image\/\",\"url\":\"https:\/\/showroom.arquitek.pe\/wp\/wp-content\/uploads\/2024\/09\/Arquitek-Showroom.png\",\"contentUrl\":\"https:\/\/showroom.arquitek.pe\/wp\/wp-content\/uploads\/2024\/09\/Arquitek-Showroom.png\",\"width\":3346,\"height\":1292,\"caption\":\"Arquitek Showroom\"},\"image\":{\"@id\":\"https:\/\/showroom.arquitek.pe\/#\/schema\/logo\/image\/\"},\"sameAs\":[\"https:\/\/www.facebook.com\/people\/Glomerados\/100083562829717\/\",\"https:\/\/x.com\/glomerados\"]}]}<\/script>\n<!-- \/ Yoast SEO plugin. -->","yoast_head_json":{"title":"Piso Laminado SPC - Caja 9 de unidades - Arquitek Showroom","robots":{"index":"index","follow":"follow","max-snippet":"max-snippet:-1","max-image-preview":"max-image-preview:large","max-video-preview":"max-video-preview:-1"},"canonical":"https:\/\/showroom.arquitek.pe\/index.php\/product\/piso-laminado-spc\/","og_locale":"es_ES","og_type":"article","og_title":"Piso Laminado SPC - Caja 9 de unidades - Arquitek Showroom","og_description":"Instalaci\u00f3n:     Facil de instalar (sistem click).    Se corta con cutter.    No necesita adhesivo.   Uso:     Para interiores   Beneficios:     Resistente al fuego    Resistente a insectos    Instalaci\u00f3n r\u00e1pida    100% Resistente al agua    F\u00e1cil limpieza","og_url":"https:\/\/showroom.arquitek.pe\/index.php\/product\/piso-laminado-spc\/","og_site_name":"Arquitek Showroom","article_publisher":"https:\/\/www.facebook.com\/people\/Glomerados\/100083562829717\/","article_modified_time":"2024-09-23T16:30:21+00:00","og_image":[{"width":377,"height":200,"url":"https:\/\/showroom.arquitek.pe\/wp\/wp-content\/uploads\/2024\/09\/Piso-Laminado-SPC-Acacia-Silvestre.png","type":"image\/png"}],"twitter_card":"summary_large_image","twitter_site":"@glomerados","twitter_misc":{"Est. reading time":"1 minuto"},"schema":{"@context":"https:\/\/schema.org","@graph":[{"@type":"WebPage","@id":"https:\/\/showroom.arquitek.pe\/index.php\/product\/piso-laminado-spc\/","url":"https:\/\/showroom.arquitek.pe\/index.php\/product\/piso-laminado-spc\/","name":"Piso Laminado SPC - Caja 9 de unidades - Arquitek Showroom","isPartOf":{"@id":"https:\/\/showroom.arquitek.pe\/#website"},"primaryImageOfPage":{"@id":"https:\/\/showroom.arquitek.pe\/index.php\/product\/piso-laminado-spc\/#primaryimage"},"image":{"@id":"https:\/\/showroom.arquitek.pe\/index.php\/product\/piso-laminado-spc\/#primaryimage"},"thumbnailUrl":"https:\/\/showroom.arquitek.pe\/wp\/wp-content\/uploads\/2024\/09\/Piso-Laminado-SPC-Acacia-Silvestre.png","datePublished":"2024-09-19T01:19:32+00:00","dateModified":"2024-09-23T16:30:21+00:00","breadcrumb":{"@id":"https:\/\/showroom.arquitek.pe\/index.php\/product\/piso-laminado-spc\/#breadcrumb"},"inLanguage":"es-PE","potentialAction":[{"@type":"ReadAction","target":["https:\/\/showroom.arquitek.pe\/index.php\/product\/piso-laminado-spc\/"]}]},{"@type":"ImageObject","inLanguage":"es-PE","@id":"https:\/\/showroom.arquitek.pe\/index.php\/product\/piso-laminado-spc\/#primaryimage","url":"https:\/\/showroom.arquitek.pe\/wp\/wp-content\/uploads\/2024\/09\/Piso-Laminado-SPC-Acacia-Silvestre.png","contentUrl":"https:\/\/showroom.arquitek.pe\/wp\/wp-content\/uploads\/2024\/09\/Piso-Laminado-SPC-Acacia-Silvestre.png","width":377,"height":200},{"@type":"BreadcrumbList","@id":"https:\/\/showroom.arquitek.pe\/index.php\/product\/piso-laminado-spc\/#breadcrumb","itemListElement":[{"@type":"ListItem","position":1,"name":"Portada","item":"https:\/\/showroom.arquitek.pe\/"},{"@type":"ListItem","position":2,"name":"Tienda Arquitek","item":"https:\/\/showroom.arquitek.pe\/index.php\/tienda-arquitek\/"},{"@type":"ListItem","position":3,"name":"Piso Laminado SPC &#8211; Caja 9 de unidades"}]},{"@type":"WebSite","@id":"https:\/\/showroom.arquitek.pe\/#website","url":"https:\/\/showroom.arquitek.pe\/","name":"Arquitek Showroom","description":"","publisher":{"@id":"https:\/\/showroom.arquitek.pe\/#organization"},"potentialAction":[{"@type":"SearchAction","target":{"@type":"EntryPoint","urlTemplate":"https:\/\/showroom.arquitek.pe\/?s={search_term_string}"},"query-input":{"@type":"PropertyValueSpecification","valueRequired":true,"valueName":"search_term_string"}}],"inLanguage":"es-PE"},{"@type":"Organization","@id":"https:\/\/showroom.arquitek.pe\/#organization","name":"Arquitek Showroom","url":"https:\/\/showroom.arquitek.pe\/","logo":{"@type":"ImageObject","inLanguage":"es-PE","@id":"https:\/\/showroom.arquitek.pe\/#\/schema\/logo\/image\/","url":"https:\/\/showroom.arquitek.pe\/wp\/wp-content\/uploads\/2024\/09\/Arquitek-Showroom.png","contentUrl":"https:\/\/showroom.arquitek.pe\/wp\/wp-content\/uploads\/2024\/09\/Arquitek-Showroom.png","width":3346,"height":1292,"caption":"Arquitek Showroom"},"image":{"@id":"https:\/\/showroom.arquitek.pe\/#\/schema\/logo\/image\/"},"sameAs":["https:\/\/www.facebook.com\/people\/Glomerados\/100083562829717\/","https:\/\/x.com\/glomerados"]}]}},"_links":{"self":[{"href":"https:\/\/showroom.arquitek.pe\/index.php\/wp-json\/wp\/v2\/product\/3735","targetHints":{"allow":["GET"]}}],"collection":[{"href":"https:\/\/showroom.arquitek.pe\/index.php\/wp-json\/wp\/v2\/product"}],"about":[{"href":"https:\/\/showroom.arquitek.pe\/index.php\/wp-json\/wp\/v2\/types\/product"}],"wp:featuredmedia":[{"embeddable":true,"href":"https:\/\/showroom.arquitek.pe\/index.php\/wp-json\/wp\/v2\/media\/4043"}],"wp:attachment":[{"href":"https:\/\/showroom.arquitek.pe\/index.php\/wp-json\/wp\/v2\/media?parent=3735"}],"wp:term":[{"taxonomy":"product_brand","embeddable":true,"href":"https:\/\/showroom.arquitek.pe\/index.php\/wp-json\/wp\/v2\/product_brand?post=3735"},{"taxonomy":"product_cat","embeddable":true,"href":"https:\/\/showroom.arquitek.pe\/index.php\/wp-json\/wp\/v2\/product_cat?post=3735"},{"taxonomy":"product_tag","embeddable":true,"href":"https:\/\/showroom.arquitek.pe\/index.php\/wp-json\/wp\/v2\/product_tag?post=3735"}],"curies":[{"name":"wp","href":"https:\/\/api.w.org\/{rel}","templated":true}]}}